{"id":281,"date":"2020-09-10T11:28:04","date_gmt":"2020-09-10T11:28:04","guid":{"rendered":"https:\/\/demosites.io\/shop-gb\/?page_id=281"},"modified":"2023-09-13T15:46:28","modified_gmt":"2023-09-13T15:46:28","slug":"52e3e-about","status":"publish","type":"page","link":"https:\/\/dolcevitadelicatezze.ch\/index.php\/52e3e-about\/","title":{"rendered":"\u00dcber uns"},"content":{"rendered":"<div class=\"wp-block-image\">\n<figure class=\"alignleft size-large is-resized\"><img data-recalc-dims=\"1\" loading=\"lazy\" decoding=\"async\" src=\"https:\/\/i0.wp.com\/dolcevitadelicatezze.ch\/wp-content\/uploads\/2023\/09\/Platte.jpg?resize=355%2C254&#038;ssl=1\" alt=\"\" class=\"wp-image-547\" style=\"width:355px;height:254px\" width=\"355\" height=\"254\" srcset=\"https:\/\/i0.wp.com\/dolcevitadelicatezze.ch\/wp-content\/uploads\/2023\/09\/Platte.jpg?resize=1024%2C732&amp;ssl=1 1024w, https:\/\/i0.wp.com\/dolcevitadelicatezze.ch\/wp-content\/uploads\/2023\/09\/Platte.jpg?resize=300%2C215&amp;ssl=1 300w, https:\/\/i0.wp.com\/dolcevitadelicatezze.ch\/wp-content\/uploads\/2023\/09\/Platte.jpg?resize=768%2C549&amp;ssl=1 768w, https:\/\/i0.wp.com\/dolcevitadelicatezze.ch\/wp-content\/uploads\/2023\/09\/Platte.jpg?resize=1536%2C1098&amp;ssl=1 1536w, https:\/\/i0.wp.com\/dolcevitadelicatezze.ch\/wp-content\/uploads\/2023\/09\/Platte.jpg?resize=600%2C429&amp;ssl=1 600w, https:\/\/i0.wp.com\/dolcevitadelicatezze.ch\/wp-content\/uploads\/2023\/09\/Platte.jpg?resize=64%2C46&amp;ssl=1 64w, https:\/\/i0.wp.com\/dolcevitadelicatezze.ch\/wp-content\/uploads\/2023\/09\/Platte.jpg?w=1990&amp;ssl=1 1990w\" sizes=\"auto, (max-width: 355px) 100vw, 355px\" \/><\/figure>\n<\/div>\n\n\n<p>Willkommen bei Dolce Vita Delicatezze! Wir sind ein kleines Unternehmen mit Sitz in Winterthur W\u00fclflingen und spezialisieren uns auf den Verkauf k\u00f6stlicher s\u00fcdl\u00e4ndischer Spezialit\u00e4ten und Delikatessen. Unser Ziel ist es, unseren Kunden ein authentisches Geschmackserlebnis zu bieten und ihnen die Aromen der mediterranen K\u00fcche n\u00e4her zu bringen.<\/p>\n\n\n\n<p>Unsere Reise begann vor einigen Jahren mit unserer Leidenschaft f\u00fcr exquisites Essen und unseren Wurzeln zur s\u00fcdl\u00e4ndischen Kultur. Durch intensive Recherchen, kulinarische Entdeckungsreisen und die Zusammenarbeit mit erfahrenen Herstellern und Lieferanten haben wir ein Sortiment aus hochwertigen Produkten zusammengestellt, das die Vielfalt und Qualit\u00e4t der s\u00fcdl\u00e4ndischen K\u00fcche widerspiegelt.<\/p>\n\n\n\n<p>Bei Dolce Vita Delicatezze legen wir gro\u00dfen Wert auf die Auswahl der besten Zutaten und Produkte. Jeder Artikel in unserem Sortiment wurde sorgf\u00e4ltig ausgew\u00e4hlt und erf\u00fcllt unsere strengen Qualit\u00e4tsstandards. Unser Sortiment umfasst eine breite Palette an Produkten, darunter Oliven\u00f6l von erstklassiger Qualit\u00e4t, aromatische Gew\u00fcrze, k\u00f6stliche Oliven, erlesene K\u00e4sesorten, feine Antipasti und vieles mehr. Egal, ob Sie ein erfahrener Feinschmecker sind oder einfach nur neue Geschmackserlebnisse entdecken m\u00f6chten, wir haben f\u00fcr jeden etwas dabei.<\/p>\n\n\n\n<p>Wir glauben an pers\u00f6nlichen Service und Kundenzufriedenheit. Unser engagiertes Team steht Ihnen jederzeit zur Verf\u00fcgung, um Ihnen bei Fragen zu unseren Produkten, Empfehlungen und Bestellungen behilflich zu sein. Wir sind stolz darauf, unseren Kunden ein einzigartiges Einkaufserlebnis zu bieten, bei dem Qualit\u00e4t, Geschmack und Service an erster Stelle stehen.<\/p>\n\n\n\n<p>Besuchen Sie unseren Online-Shop, um die faszinierende Welt der s\u00fcdl\u00e4ndischen Spezialit\u00e4ten zu entdecken. Tauchen Sie ein in die lebhafte Atmosph\u00e4re des Mittelmeers und lassen Sie sich von unseren Produkten inspirieren. Wir freuen uns darauf, Ihnen unvergessliche kulinarische Erlebnisse zu bereiten.<\/p>\n\n\n\n<p>Ihr Dolce Vita Delicatezze &#8211; Team<\/p>\n\n\n\n<div id=\"wp-block-themeisle-blocks-advanced-columns-382fd8da\" class=\"wp-block-themeisle-blocks-advanced-columns alignfull has-1-columns has-desktop-equal-layout has-tablet-equal-layout has-mobile-equal-layout has-vertical-unset\"><div class=\"wp-block-themeisle-blocks-advanced-columns-overlay\"><\/div><div class=\"innerblocks-wrap\">\n<div id=\"wp-block-themeisle-blocks-advanced-column-31e290bb\" class=\"wp-block-themeisle-blocks-advanced-column\">\n<h2 id=\"wp-block-themeisle-blocks-advanced-heading-3138538c\" class=\"wp-block-themeisle-blocks-advanced-heading wp-block-themeisle-blocks-advanced-heading-3138538c\">UNSER TEAM<\/h2>\n\n\n\n<div id=\"wp-block-themeisle-blocks-advanced-columns-4d200665\" class=\"wp-block-themeisle-blocks-advanced-columns has-3-columns has-desktop-equal-layout has-tablet-equal-layout has-mobile-collapsedRows-layout has-vertical-unset\"><div class=\"wp-block-themeisle-blocks-advanced-columns-overlay\"><\/div><div class=\"innerblocks-wrap\">\n<div id=\"wp-block-themeisle-blocks-advanced-column-b9682302\" class=\"wp-block-themeisle-blocks-advanced-column\"><div class=\"wp-block-image\">\n<figure class=\"aligncenter size-large is-resized\"><img data-recalc-dims=\"1\" loading=\"lazy\" decoding=\"async\" src=\"https:\/\/i0.wp.com\/dolcevitadelicatezze.ch\/wp-content\/uploads\/2023\/09\/babe2.jpg?resize=313%2C360&#038;ssl=1\" alt=\"\" class=\"wp-image-541\" style=\"width:313px;height:360px\" width=\"313\" height=\"360\" srcset=\"https:\/\/i0.wp.com\/dolcevitadelicatezze.ch\/wp-content\/uploads\/2023\/09\/babe2-scaled.jpg?resize=64%2C74&amp;ssl=1 64w, https:\/\/i0.wp.com\/dolcevitadelicatezze.ch\/wp-content\/uploads\/2023\/09\/babe2-scaled.jpg?zoom=2&amp;resize=313%2C360&amp;ssl=1 626w, https:\/\/i0.wp.com\/dolcevitadelicatezze.ch\/wp-content\/uploads\/2023\/09\/babe2-scaled.jpg?zoom=3&amp;resize=313%2C360&amp;ssl=1 939w\" sizes=\"auto, (max-width: 313px) 100vw, 313px\" \/><\/figure>\n<\/div>\n\n\n<p id=\"wp-block-themeisle-blocks-advanced-heading-7562dd89\" class=\"wp-block-themeisle-blocks-advanced-heading wp-block-themeisle-blocks-advanced-heading-7562dd89\">MIRA OSSWALD<\/p>\n\n\n\n<p class=\"has-text-align-center\" style=\"font-size:11px\">GESCH\u00c4FTSINHABERIN<\/p>\n<\/div>\n\n\n\n<div id=\"wp-block-themeisle-blocks-advanced-column-8560a0a1\" class=\"wp-block-themeisle-blocks-advanced-column\"><div class=\"wp-block-image\">\n<figure class=\"aligncenter size-large is-resized\"><img data-recalc-dims=\"1\" loading=\"lazy\" decoding=\"async\" src=\"https:\/\/i0.wp.com\/dolcevitadelicatezze.ch\/wp-content\/uploads\/2023\/09\/amando1.jpg?resize=272%2C363&#038;ssl=1\" alt=\"\" class=\"wp-image-539\" style=\"width:272px;height:363px\" width=\"272\" height=\"363\" srcset=\"https:\/\/i0.wp.com\/dolcevitadelicatezze.ch\/wp-content\/uploads\/2023\/09\/amando1-scaled.jpg?resize=768%2C1024&amp;ssl=1 768w, https:\/\/i0.wp.com\/dolcevitadelicatezze.ch\/wp-content\/uploads\/2023\/09\/amando1-scaled.jpg?resize=225%2C300&amp;ssl=1 225w, https:\/\/i0.wp.com\/dolcevitadelicatezze.ch\/wp-content\/uploads\/2023\/09\/amando1-scaled.jpg?resize=1152%2C1536&amp;ssl=1 1152w, https:\/\/i0.wp.com\/dolcevitadelicatezze.ch\/wp-content\/uploads\/2023\/09\/amando1-scaled.jpg?resize=1536%2C2048&amp;ssl=1 1536w, https:\/\/i0.wp.com\/dolcevitadelicatezze.ch\/wp-content\/uploads\/2023\/09\/amando1-scaled.jpg?resize=600%2C800&amp;ssl=1 600w, https:\/\/i0.wp.com\/dolcevitadelicatezze.ch\/wp-content\/uploads\/2023\/09\/amando1-scaled.jpg?resize=64%2C85&amp;ssl=1 64w, https:\/\/i0.wp.com\/dolcevitadelicatezze.ch\/wp-content\/uploads\/2023\/09\/amando1-scaled.jpg?w=1920&amp;ssl=1 1920w\" sizes=\"auto, (max-width: 272px) 100vw, 272px\" \/><\/figure>\n<\/div>\n\n\n<p id=\"wp-block-themeisle-blocks-advanced-heading-e3fe1a05\" class=\"wp-block-themeisle-blocks-advanced-heading wp-block-themeisle-blocks-advanced-heading-e3fe1a05\">AMANDO ZANETTI<\/p>\n\n\n\n<p class=\"has-text-align-center\" style=\"font-size:11px\">STELLVERTRETENDER GESCH\u00c4FTSLEITER<\/p>\n<\/div>\n\n\n\n<div id=\"wp-block-themeisle-blocks-advanced-column-e5052fd9\" class=\"wp-block-themeisle-blocks-advanced-column\"><div class=\"wp-block-image\">\n<figure class=\"aligncenter size-large is-resized\"><img data-recalc-dims=\"1\" loading=\"lazy\" decoding=\"async\" src=\"https:\/\/i0.wp.com\/dolcevitadelicatezze.ch\/wp-content\/uploads\/2023\/08\/beni_sw_2023-08-13.jpg?resize=262%2C355&#038;ssl=1\" alt=\"\" class=\"wp-image-484\" style=\"width:262px;height:355px\" width=\"262\" height=\"355\"\/><\/figure>\n<\/div>\n\n\n<p id=\"wp-block-themeisle-blocks-advanced-heading-57f0abc0\" class=\"wp-block-themeisle-blocks-advanced-heading wp-block-themeisle-blocks-advanced-heading-57f0abc0\">BERNADETTE OSSWALD<\/p>\n\n\n\n<p class=\"has-text-align-center\" style=\"font-size:11px\">ADMINISTRATION<\/p>\n<\/div>\n<\/div><\/div>\n<\/div>\n<\/div><\/div>\n\n\n\n<div id=\"wp-block-themeisle-blocks-advanced-columns-a7450347\" class=\"wp-block-themeisle-blocks-advanced-columns alignfull has-0-columns has-desktop-equal-layout has-tablet-equal-layout has-mobile-equal-layout has-vertical-unset\"><div class=\"wp-block-themeisle-blocks-advanced-columns-overlay\"><\/div><div class=\"innerblocks-wrap\"><\/div><\/div>\n\n\n\n<p><\/p>\n","protected":false},"excerpt":{"rendered":"<p>Willkommen bei Dolce Vita Delicatezze! Wir sind ein kleines Unternehmen mit Sitz in Winterthur W\u00fclflingen und spezialisieren uns auf den Verkauf k\u00f6stlicher s\u00fcdl\u00e4ndischer Spezialit\u00e4ten und Delikatessen. Unser Ziel ist es, unseren Kunden ein authentisches Geschmackserlebnis zu bieten und ihnen die Aromen der mediterranen K\u00fcche n\u00e4her zu bringen. Unsere Reise begann vor einigen Jahren mit unserer&hellip;&nbsp;<a href=\"https:\/\/dolcevitadelicatezze.ch\/index.php\/52e3e-about\/\" class=\"\" rel=\"bookmark\">Weiterlesen &raquo;<span class=\"screen-reader-text\">\u00dcber uns<\/span><\/a><\/p>\n","protected":false},"author":2,"featured_media":0,"parent":0,"menu_order":0,"comment_status":"closed","ping_status":"closed","template":"","meta":{"neve_meta_sidebar":"full-width","neve_meta_container":"","neve_meta_enable_content_width":"on","neve_meta_content_width":100,"neve_meta_title_alignment":"","neve_meta_author_avatar":"","neve_post_elements_order":"","neve_meta_disable_header":"","neve_meta_disable_footer":"","neve_meta_disable_title":"on","_themeisle_gutenberg_block_has_review":false,"_ti_tpc_template_sync":false,"_ti_tpc_template_id":"gbqcz9qd7r36jjux7p2c","footnotes":""},"class_list":["post-281","page","type-page","status-publish","hentry"],"yoast_head":"<!-- This site is optimized with the Yoast SEO plugin v27.4 - https:\/\/yoast.com\/product\/yoast-seo-wordpress\/ -->\n<title>\u00dcber uns - Dolce Vita Delicatezze<\/title>\n<meta name=\"robots\" content=\"noindex, follow, max-snippet:-1, max-image-preview:large, max-video-preview:-1\" \/>\n<meta property=\"og:locale\" content=\"de_DE\" \/>\n<meta property=\"og:type\" content=\"article\" \/>\n<meta property=\"og:title\" content=\"\u00dcber uns - Dolce Vita Delicatezze\" \/>\n<meta property=\"og:description\" content=\"Willkommen bei Dolce Vita Delicatezze! Wir sind ein kleines Unternehmen mit Sitz in Winterthur W\u00fclflingen und spezialisieren uns auf den Verkauf k\u00f6stlicher s\u00fcdl\u00e4ndischer Spezialit\u00e4ten und Delikatessen. Unser Ziel ist es, unseren Kunden ein authentisches Geschmackserlebnis zu bieten und ihnen die Aromen der mediterranen K\u00fcche n\u00e4her zu bringen. Unsere Reise begann vor einigen Jahren mit unserer&hellip;&nbsp;Weiterlesen &raquo;\u00dcber uns\" \/>\n<meta property=\"og:url\" content=\"https:\/\/dolcevitadelicatezze.ch\/index.php\/52e3e-about\/\" \/>\n<meta property=\"og:site_name\" content=\"Dolce Vita Delicatezze\" \/>\n<meta property=\"article:modified_time\" content=\"2023-09-13T15:46:28+00:00\" \/>\n<meta property=\"og:image\" content=\"https:\/\/dolcevitadelicatezze.ch\/wp-content\/uploads\/2023\/09\/Platte-1024x732.jpg\" \/>\n<meta name=\"twitter:card\" content=\"summary_large_image\" \/>\n<meta name=\"twitter:label1\" content=\"Gesch\u00e4tzte Lesezeit\" \/>\n\t<meta name=\"twitter:data1\" content=\"3\u00a0Minuten\" \/>\n<script type=\"application\/ld+json\" class=\"yoast-schema-graph\">{\"@context\":\"https:\\\/\\\/schema.org\",\"@graph\":[{\"@type\":\"WebPage\",\"@id\":\"https:\\\/\\\/dolcevitadelicatezze.ch\\\/index.php\\\/52e3e-about\\\/\",\"url\":\"https:\\\/\\\/dolcevitadelicatezze.ch\\\/index.php\\\/52e3e-about\\\/\",\"name\":\"\u00dcber uns - Dolce Vita Delicatezze\",\"isPartOf\":{\"@id\":\"https:\\\/\\\/dolcevitadelicatezze.ch\\\/#website\"},\"primaryImageOfPage\":{\"@id\":\"https:\\\/\\\/dolcevitadelicatezze.ch\\\/index.php\\\/52e3e-about\\\/#primaryimage\"},\"image\":{\"@id\":\"https:\\\/\\\/dolcevitadelicatezze.ch\\\/index.php\\\/52e3e-about\\\/#primaryimage\"},\"thumbnailUrl\":\"https:\\\/\\\/dolcevitadelicatezze.ch\\\/wp-content\\\/uploads\\\/2023\\\/09\\\/Platte-1024x732.jpg\",\"datePublished\":\"2020-09-10T11:28:04+00:00\",\"dateModified\":\"2023-09-13T15:46:28+00:00\",\"breadcrumb\":{\"@id\":\"https:\\\/\\\/dolcevitadelicatezze.ch\\\/index.php\\\/52e3e-about\\\/#breadcrumb\"},\"inLanguage\":\"de\",\"potentialAction\":[{\"@type\":\"ReadAction\",\"target\":[\"https:\\\/\\\/dolcevitadelicatezze.ch\\\/index.php\\\/52e3e-about\\\/\"]}]},{\"@type\":\"ImageObject\",\"inLanguage\":\"de\",\"@id\":\"https:\\\/\\\/dolcevitadelicatezze.ch\\\/index.php\\\/52e3e-about\\\/#primaryimage\",\"url\":\"https:\\\/\\\/i0.wp.com\\\/dolcevitadelicatezze.ch\\\/wp-content\\\/uploads\\\/2023\\\/09\\\/Platte.jpg?fit=1990%2C1423&ssl=1\",\"contentUrl\":\"https:\\\/\\\/i0.wp.com\\\/dolcevitadelicatezze.ch\\\/wp-content\\\/uploads\\\/2023\\\/09\\\/Platte.jpg?fit=1990%2C1423&ssl=1\",\"width\":1990,\"height\":1423},{\"@type\":\"BreadcrumbList\",\"@id\":\"https:\\\/\\\/dolcevitadelicatezze.ch\\\/index.php\\\/52e3e-about\\\/#breadcrumb\",\"itemListElement\":[{\"@type\":\"ListItem\",\"position\":1,\"name\":\"Startseite\",\"item\":\"https:\\\/\\\/dolcevitadelicatezze.ch\\\/\"},{\"@type\":\"ListItem\",\"position\":2,\"name\":\"\u00dcber uns\"}]},{\"@type\":\"WebSite\",\"@id\":\"https:\\\/\\\/dolcevitadelicatezze.ch\\\/#website\",\"url\":\"https:\\\/\\\/dolcevitadelicatezze.ch\\\/\",\"name\":\"Dolce Vita Delicatezze\",\"description\":\"\",\"publisher\":{\"@id\":\"https:\\\/\\\/dolcevitadelicatezze.ch\\\/#organization\"},\"potentialAction\":[{\"@type\":\"SearchAction\",\"target\":{\"@type\":\"EntryPoint\",\"urlTemplate\":\"https:\\\/\\\/dolcevitadelicatezze.ch\\\/?s={search_term_string}\"},\"query-input\":{\"@type\":\"PropertyValueSpecification\",\"valueRequired\":true,\"valueName\":\"search_term_string\"}}],\"inLanguage\":\"de\"},{\"@type\":\"Organization\",\"@id\":\"https:\\\/\\\/dolcevitadelicatezze.ch\\\/#organization\",\"name\":\"Dolce Vita Delicatezze\",\"url\":\"https:\\\/\\\/dolcevitadelicatezze.ch\\\/\",\"logo\":{\"@type\":\"ImageObject\",\"inLanguage\":\"de\",\"@id\":\"https:\\\/\\\/dolcevitadelicatezze.ch\\\/#\\\/schema\\\/logo\\\/image\\\/\",\"url\":\"https:\\\/\\\/i0.wp.com\\\/dolcevitadelicatezze.ch\\\/wp-content\\\/uploads\\\/2020\\\/10\\\/shop-icon.png?fit=512%2C512&ssl=1\",\"contentUrl\":\"https:\\\/\\\/i0.wp.com\\\/dolcevitadelicatezze.ch\\\/wp-content\\\/uploads\\\/2020\\\/10\\\/shop-icon.png?fit=512%2C512&ssl=1\",\"width\":512,\"height\":512,\"caption\":\"Dolce Vita Delicatezze\"},\"image\":{\"@id\":\"https:\\\/\\\/dolcevitadelicatezze.ch\\\/#\\\/schema\\\/logo\\\/image\\\/\"}}]}<\/script>\n<!-- \/ Yoast SEO plugin. -->","yoast_head_json":{"title":"\u00dcber uns - Dolce Vita Delicatezze","robots":{"index":"noindex","follow":"follow","max-snippet":"max-snippet:-1","max-image-preview":"max-image-preview:large","max-video-preview":"max-video-preview:-1"},"og_locale":"de_DE","og_type":"article","og_title":"\u00dcber uns - Dolce Vita Delicatezze","og_description":"Willkommen bei Dolce Vita Delicatezze! Wir sind ein kleines Unternehmen mit Sitz in Winterthur W\u00fclflingen und spezialisieren uns auf den Verkauf k\u00f6stlicher s\u00fcdl\u00e4ndischer Spezialit\u00e4ten und Delikatessen. Unser Ziel ist es, unseren Kunden ein authentisches Geschmackserlebnis zu bieten und ihnen die Aromen der mediterranen K\u00fcche n\u00e4her zu bringen. Unsere Reise begann vor einigen Jahren mit unserer&hellip;&nbsp;Weiterlesen &raquo;\u00dcber uns","og_url":"https:\/\/dolcevitadelicatezze.ch\/index.php\/52e3e-about\/","og_site_name":"Dolce Vita Delicatezze","article_modified_time":"2023-09-13T15:46:28+00:00","og_image":[{"url":"https:\/\/dolcevitadelicatezze.ch\/wp-content\/uploads\/2023\/09\/Platte-1024x732.jpg","type":"","width":"","height":""}],"twitter_card":"summary_large_image","twitter_misc":{"Gesch\u00e4tzte Lesezeit":"3\u00a0Minuten"},"schema":{"@context":"https:\/\/schema.org","@graph":[{"@type":"WebPage","@id":"https:\/\/dolcevitadelicatezze.ch\/index.php\/52e3e-about\/","url":"https:\/\/dolcevitadelicatezze.ch\/index.php\/52e3e-about\/","name":"\u00dcber uns - Dolce Vita Delicatezze","isPartOf":{"@id":"https:\/\/dolcevitadelicatezze.ch\/#website"},"primaryImageOfPage":{"@id":"https:\/\/dolcevitadelicatezze.ch\/index.php\/52e3e-about\/#primaryimage"},"image":{"@id":"https:\/\/dolcevitadelicatezze.ch\/index.php\/52e3e-about\/#primaryimage"},"thumbnailUrl":"https:\/\/dolcevitadelicatezze.ch\/wp-content\/uploads\/2023\/09\/Platte-1024x732.jpg","datePublished":"2020-09-10T11:28:04+00:00","dateModified":"2023-09-13T15:46:28+00:00","breadcrumb":{"@id":"https:\/\/dolcevitadelicatezze.ch\/index.php\/52e3e-about\/#breadcrumb"},"inLanguage":"de","potentialAction":[{"@type":"ReadAction","target":["https:\/\/dolcevitadelicatezze.ch\/index.php\/52e3e-about\/"]}]},{"@type":"ImageObject","inLanguage":"de","@id":"https:\/\/dolcevitadelicatezze.ch\/index.php\/52e3e-about\/#primaryimage","url":"https:\/\/i0.wp.com\/dolcevitadelicatezze.ch\/wp-content\/uploads\/2023\/09\/Platte.jpg?fit=1990%2C1423&ssl=1","contentUrl":"https:\/\/i0.wp.com\/dolcevitadelicatezze.ch\/wp-content\/uploads\/2023\/09\/Platte.jpg?fit=1990%2C1423&ssl=1","width":1990,"height":1423},{"@type":"BreadcrumbList","@id":"https:\/\/dolcevitadelicatezze.ch\/index.php\/52e3e-about\/#breadcrumb","itemListElement":[{"@type":"ListItem","position":1,"name":"Startseite","item":"https:\/\/dolcevitadelicatezze.ch\/"},{"@type":"ListItem","position":2,"name":"\u00dcber uns"}]},{"@type":"WebSite","@id":"https:\/\/dolcevitadelicatezze.ch\/#website","url":"https:\/\/dolcevitadelicatezze.ch\/","name":"Dolce Vita Delicatezze","description":"","publisher":{"@id":"https:\/\/dolcevitadelicatezze.ch\/#organization"},"potentialAction":[{"@type":"SearchAction","target":{"@type":"EntryPoint","urlTemplate":"https:\/\/dolcevitadelicatezze.ch\/?s={search_term_string}"},"query-input":{"@type":"PropertyValueSpecification","valueRequired":true,"valueName":"search_term_string"}}],"inLanguage":"de"},{"@type":"Organization","@id":"https:\/\/dolcevitadelicatezze.ch\/#organization","name":"Dolce Vita Delicatezze","url":"https:\/\/dolcevitadelicatezze.ch\/","logo":{"@type":"ImageObject","inLanguage":"de","@id":"https:\/\/dolcevitadelicatezze.ch\/#\/schema\/logo\/image\/","url":"https:\/\/i0.wp.com\/dolcevitadelicatezze.ch\/wp-content\/uploads\/2020\/10\/shop-icon.png?fit=512%2C512&ssl=1","contentUrl":"https:\/\/i0.wp.com\/dolcevitadelicatezze.ch\/wp-content\/uploads\/2020\/10\/shop-icon.png?fit=512%2C512&ssl=1","width":512,"height":512,"caption":"Dolce Vita Delicatezze"},"image":{"@id":"https:\/\/dolcevitadelicatezze.ch\/#\/schema\/logo\/image\/"}}]}},"jetpack_sharing_enabled":true,"_links":{"self":[{"href":"https:\/\/dolcevitadelicatezze.ch\/index.php\/wp-json\/wp\/v2\/pages\/281","targetHints":{"allow":["GET"]}}],"collection":[{"href":"https:\/\/dolcevitadelicatezze.ch\/index.php\/wp-json\/wp\/v2\/pages"}],"about":[{"href":"https:\/\/dolcevitadelicatezze.ch\/index.php\/wp-json\/wp\/v2\/types\/page"}],"author":[{"embeddable":true,"href":"https:\/\/dolcevitadelicatezze.ch\/index.php\/wp-json\/wp\/v2\/users\/2"}],"replies":[{"embeddable":true,"href":"https:\/\/dolcevitadelicatezze.ch\/index.php\/wp-json\/wp\/v2\/comments?post=281"}],"version-history":[{"count":13,"href":"https:\/\/dolcevitadelicatezze.ch\/index.php\/wp-json\/wp\/v2\/pages\/281\/revisions"}],"predecessor-version":[{"id":567,"href":"https:\/\/dolcevitadelicatezze.ch\/index.php\/wp-json\/wp\/v2\/pages\/281\/revisions\/567"}],"wp:attachment":[{"href":"https:\/\/dolcevitadelicatezze.ch\/index.php\/wp-json\/wp\/v2\/media?parent=281"}],"curies":[{"name":"wp","href":"https:\/\/api.w.org\/{rel}","templated":true}]}}