{"id":53,"date":"2019-03-06T12:59:31","date_gmt":"2019-03-06T12:59:31","guid":{"rendered":"https:\/\/demosites.io\/shop-gb\/shop\/"},"modified":"2023-09-13T15:47:57","modified_gmt":"2023-09-13T15:47:57","slug":"shop-2","status":"publish","type":"page","link":"https:\/\/dolcevitadelicatezze.ch\/index.php\/shop-2\/","title":{"rendered":"M\u00e4rkte"},"content":{"rendered":"\n<p>Besuchen Sie uns am Wochenmarkt! Wir freuen uns darauf, Sie pers\u00f6nlich an unserem Stand zu begr\u00fc\u00dfen. Probieren Sie unsere k\u00f6stlichen Oliven und Antipasti und lassen Sie sich von der mediterranen Lebensfreude inspirieren. Tauchen Sie ein in die lebendige Kulinarik des Mittelmeerraums und erleben Sie ein Fest f\u00fcr Ihre Sinne!<\/p>\n\n\n\n<p>Hier finden Sie uns:<\/p>\n\n\n\n<p><strong>Wochenmarkt Uster<\/strong><\/p>\n\n\n\n<p>Jeden Freitagmorgen von 07.30 &#8211; 11.00 Uhr an der Poststrasse in Uster<\/p>\n\n\n<div style=\"height:400px\" class=\"wp-block-themeisle-blocks-google-map\" id=\"wp-block-themeisle-blocks-google-map-cac4b2cc\"><\/div>\n<script type=\"text\/javascript\">\n\t\/* <![CDATA[ *\/\n\t\tif ( ! window.themeisleGoogleMaps ) window.themeisleGoogleMaps =[];\n\t\twindow.themeisleGoogleMaps.push( { container: \"wp-block-themeisle-blocks-google-map-cac4b2cc\", attributes: {\"id\":\"wp-block-themeisle-blocks-google-map-cac4b2cc\",\"location\":\"Poststrasse Uster\",\"latitude\":\"47.34862099179236\",\"longitude\":\"8.71817278868548\",\"markers\":[{\"id\":\"3f05ed96-183d-4f2c-9c49-683024b474f9\",\"latitude\":47.34968373388068,\"longitude\":8.717780113220217,\"title\":\"Add a title\",\"description\":\"\"}],\"otterConditions\":[],\"style\":\"standard\",\"type\":\"roadmap\",\"zoom\":15,\"height\":\"400px\",\"draggable\":true,\"mapTypeControl\":true,\"zoomControl\":true,\"fullscreenControl\":true,\"streetViewControl\":true,\"hasCustomCSS\":false,\"customCSS\":\"\"} } );\n\t\/* ]]> *\/\n<\/script>\n\n\n\n<p><strong>Wochenmarkt Zollikon<\/strong><\/p>\n\n\n\n<p>Jeden Samstagmorgen von 08.00 &#8211; 13.00 Uhr auf dem Dorfplatz in Zollikon<\/p>\n\n\n<div style=\"height:400px\" class=\"wp-block-themeisle-blocks-google-map\" id=\"wp-block-themeisle-blocks-leaflet-map-af443bc4\"><\/div>\n<script type=\"text\/javascript\">\n\t\/* <![CDATA[ *\/\n\t\tif ( ! window.themeisleGoogleMaps ) window.themeisleGoogleMaps =[];\n\t\twindow.themeisleGoogleMaps.push( { container: \"wp-block-themeisle-blocks-leaflet-map-af443bc4\", attributes: {\"id\":\"wp-block-themeisle-blocks-leaflet-map-af443bc4\",\"location\":\"zollikon\",\"latitude\":\"47.33748490225836\",\"longitude\":\"8.575472831726076\",\"markers\":[{\"id\":\"f5ae5a76-1777-42c8-8415-64b3ba7f0601\",\"latitude\":47.33789206010505,\"longitude\":8.575580120086672,\"title\":\"Add a title\",\"description\":\"\"}],\"otterConditions\":[],\"style\":\"standard\",\"type\":\"roadmap\",\"zoom\":15,\"height\":\"400px\",\"draggable\":true,\"mapTypeControl\":true,\"zoomControl\":true,\"fullscreenControl\":true,\"streetViewControl\":true,\"hasCustomCSS\":false,\"customCSS\":\"\"} } );\n\t\/* ]]> *\/\n<\/script>\n\n\n\n<p><strong>Wochenmarkt W\u00e4denswil<\/strong><\/p>\n\n\n\n<p>Jeden Samstagmorgen von 08.00 &#8211; 12.00 Uhr an der Gerbestrasse in W\u00e4denswil<\/p>\n\n\n<div style=\"height:400px\" class=\"wp-block-themeisle-blocks-google-map\" id=\"wp-block-themeisle-blocks-leaflet-map-69c66045\"><\/div>\n<script type=\"text\/javascript\">\n\t\/* <![CDATA[ *\/\n\t\tif ( ! window.themeisleGoogleMaps ) window.themeisleGoogleMaps =[];\n\t\twindow.themeisleGoogleMaps.push( { container: \"wp-block-themeisle-blocks-leaflet-map-69c66045\", attributes: {\"id\":\"wp-block-themeisle-blocks-leaflet-map-69c66045\",\"location\":\"w\\u00e4denswil\",\"latitude\":\"47.22960854467858\",\"longitude\":\"8.672043085098268\",\"zoom\":17,\"markers\":[{\"id\":\"f5ae5a76-1777-42c8-8415-64b3ba7f0601\",\"latitude\":47.33789206010505,\"longitude\":8.575580120086672,\"title\":\"Add a title\",\"description\":\"\"},{\"id\":\"1b02c8ce-80f6-415c-96f2-74290dc10a90\",\"latitude\":47.2278988,\"longitude\":8.6701365,\"title\":\"Add a title\",\"description\":\"\"},{\"id\":\"f7133fd6-d6e5-4187-9200-5b128ced2655\",\"latitude\":47.229615830223466,\"longitude\":8.672338128089907,\"title\":\"Add a title\",\"description\":\"\"}],\"otterConditions\":[],\"style\":\"standard\",\"type\":\"roadmap\",\"height\":\"400px\",\"draggable\":true,\"mapTypeControl\":true,\"zoomControl\":true,\"fullscreenControl\":true,\"streetViewControl\":true,\"hasCustomCSS\":false,\"customCSS\":\"\"} } );\n\t\/* ]]> *\/\n<\/script>\n","protected":false},"excerpt":{"rendered":"<p>Besuchen Sie uns am Wochenmarkt! Wir freuen uns darauf, Sie pers\u00f6nlich an unserem Stand zu begr\u00fc\u00dfen. Probieren Sie unsere k\u00f6stlichen Oliven und Antipasti und lassen Sie sich von der mediterranen Lebensfreude inspirieren. Tauchen Sie ein in die lebendige Kulinarik des Mittelmeerraums und erleben Sie ein Fest f\u00fcr Ihre Sinne! Hier finden Sie uns: Wochenmarkt Uster&hellip;&nbsp;<a href=\"https:\/\/dolcevitadelicatezze.ch\/index.php\/shop-2\/\" class=\"\" rel=\"bookmark\">Weiterlesen &raquo;<span class=\"screen-reader-text\">M\u00e4rkte<\/span><\/a><\/p>\n","protected":false},"author":2,"featured_media":0,"parent":0,"menu_order":0,"comment_status":"closed","ping_status":"closed","template":"","meta":{"neve_meta_sidebar":"left","neve_meta_container":"","neve_meta_enable_content_width":"","neve_meta_content_width":70,"neve_meta_title_alignment":"","neve_meta_author_avatar":"","neve_post_elements_order":"","neve_meta_disable_header":"","neve_meta_disable_footer":"","neve_meta_disable_title":"","_themeisle_gutenberg_block_has_review":false,"_ti_tpc_template_sync":false,"_ti_tpc_template_id":"","footnotes":""},"class_list":["post-53","page","type-page","status-publish","hentry"],"yoast_head":"<!-- This site is optimized with the Yoast SEO plugin v27.4 - https:\/\/yoast.com\/product\/yoast-seo-wordpress\/ -->\n<title>M\u00e4rkte - Dolce Vita Delicatezze<\/title>\n<meta name=\"robots\" content=\"noindex, follow, max-snippet:-1, max-image-preview:large, max-video-preview:-1\" \/>\n<meta property=\"og:locale\" content=\"de_DE\" \/>\n<meta property=\"og:type\" content=\"article\" \/>\n<meta property=\"og:title\" content=\"M\u00e4rkte - Dolce Vita Delicatezze\" \/>\n<meta property=\"og:description\" content=\"Besuchen Sie uns am Wochenmarkt! Wir freuen uns darauf, Sie pers\u00f6nlich an unserem Stand zu begr\u00fc\u00dfen. Probieren Sie unsere k\u00f6stlichen Oliven und Antipasti und lassen Sie sich von der mediterranen Lebensfreude inspirieren. Tauchen Sie ein in die lebendige Kulinarik des Mittelmeerraums und erleben Sie ein Fest f\u00fcr Ihre Sinne! Hier finden Sie uns: Wochenmarkt Uster&hellip;&nbsp;Weiterlesen &raquo;M\u00e4rkte\" \/>\n<meta property=\"og:url\" content=\"https:\/\/dolcevitadelicatezze.ch\/index.php\/shop-2\/\" \/>\n<meta property=\"og:site_name\" content=\"Dolce Vita Delicatezze\" \/>\n<meta property=\"article:modified_time\" content=\"2023-09-13T15:47:57+00:00\" \/>\n<meta name=\"twitter:card\" content=\"summary_large_image\" \/>\n<meta name=\"twitter:label1\" content=\"Gesch\u00e4tzte Lesezeit\" \/>\n\t<meta name=\"twitter:data1\" content=\"1\u00a0Minute\" \/>\n<script type=\"application\/ld+json\" class=\"yoast-schema-graph\">{\"@context\":\"https:\\\/\\\/schema.org\",\"@graph\":[{\"@type\":\"WebPage\",\"@id\":\"https:\\\/\\\/dolcevitadelicatezze.ch\\\/index.php\\\/shop-2\\\/\",\"url\":\"https:\\\/\\\/dolcevitadelicatezze.ch\\\/index.php\\\/shop-2\\\/\",\"name\":\"M\u00e4rkte - Dolce Vita Delicatezze\",\"isPartOf\":{\"@id\":\"https:\\\/\\\/dolcevitadelicatezze.ch\\\/#website\"},\"datePublished\":\"2019-03-06T12:59:31+00:00\",\"dateModified\":\"2023-09-13T15:47:57+00:00\",\"breadcrumb\":{\"@id\":\"https:\\\/\\\/dolcevitadelicatezze.ch\\\/index.php\\\/shop-2\\\/#breadcrumb\"},\"inLanguage\":\"de\",\"potentialAction\":[{\"@type\":\"ReadAction\",\"target\":[\"https:\\\/\\\/dolcevitadelicatezze.ch\\\/index.php\\\/shop-2\\\/\"]}]},{\"@type\":\"BreadcrumbList\",\"@id\":\"https:\\\/\\\/dolcevitadelicatezze.ch\\\/index.php\\\/shop-2\\\/#breadcrumb\",\"itemListElement\":[{\"@type\":\"ListItem\",\"position\":1,\"name\":\"Startseite\",\"item\":\"https:\\\/\\\/dolcevitadelicatezze.ch\\\/\"},{\"@type\":\"ListItem\",\"position\":2,\"name\":\"M\u00e4rkte\"}]},{\"@type\":\"WebSite\",\"@id\":\"https:\\\/\\\/dolcevitadelicatezze.ch\\\/#website\",\"url\":\"https:\\\/\\\/dolcevitadelicatezze.ch\\\/\",\"name\":\"Dolce Vita Delicatezze\",\"description\":\"\",\"publisher\":{\"@id\":\"https:\\\/\\\/dolcevitadelicatezze.ch\\\/#organization\"},\"potentialAction\":[{\"@type\":\"SearchAction\",\"target\":{\"@type\":\"EntryPoint\",\"urlTemplate\":\"https:\\\/\\\/dolcevitadelicatezze.ch\\\/?s={search_term_string}\"},\"query-input\":{\"@type\":\"PropertyValueSpecification\",\"valueRequired\":true,\"valueName\":\"search_term_string\"}}],\"inLanguage\":\"de\"},{\"@type\":\"Organization\",\"@id\":\"https:\\\/\\\/dolcevitadelicatezze.ch\\\/#organization\",\"name\":\"Dolce Vita Delicatezze\",\"url\":\"https:\\\/\\\/dolcevitadelicatezze.ch\\\/\",\"logo\":{\"@type\":\"ImageObject\",\"inLanguage\":\"de\",\"@id\":\"https:\\\/\\\/dolcevitadelicatezze.ch\\\/#\\\/schema\\\/logo\\\/image\\\/\",\"url\":\"https:\\\/\\\/i0.wp.com\\\/dolcevitadelicatezze.ch\\\/wp-content\\\/uploads\\\/2020\\\/10\\\/shop-icon.png?fit=512%2C512&ssl=1\",\"contentUrl\":\"https:\\\/\\\/i0.wp.com\\\/dolcevitadelicatezze.ch\\\/wp-content\\\/uploads\\\/2020\\\/10\\\/shop-icon.png?fit=512%2C512&ssl=1\",\"width\":512,\"height\":512,\"caption\":\"Dolce Vita Delicatezze\"},\"image\":{\"@id\":\"https:\\\/\\\/dolcevitadelicatezze.ch\\\/#\\\/schema\\\/logo\\\/image\\\/\"}}]}<\/script>\n<!-- \/ Yoast SEO plugin. -->","yoast_head_json":{"title":"M\u00e4rkte - Dolce Vita Delicatezze","robots":{"index":"noindex","follow":"follow","max-snippet":"max-snippet:-1","max-image-preview":"max-image-preview:large","max-video-preview":"max-video-preview:-1"},"og_locale":"de_DE","og_type":"article","og_title":"M\u00e4rkte - Dolce Vita Delicatezze","og_description":"Besuchen Sie uns am Wochenmarkt! Wir freuen uns darauf, Sie pers\u00f6nlich an unserem Stand zu begr\u00fc\u00dfen. Probieren Sie unsere k\u00f6stlichen Oliven und Antipasti und lassen Sie sich von der mediterranen Lebensfreude inspirieren. Tauchen Sie ein in die lebendige Kulinarik des Mittelmeerraums und erleben Sie ein Fest f\u00fcr Ihre Sinne! Hier finden Sie uns: Wochenmarkt Uster&hellip;&nbsp;Weiterlesen &raquo;M\u00e4rkte","og_url":"https:\/\/dolcevitadelicatezze.ch\/index.php\/shop-2\/","og_site_name":"Dolce Vita Delicatezze","article_modified_time":"2023-09-13T15:47:57+00:00","twitter_card":"summary_large_image","twitter_misc":{"Gesch\u00e4tzte Lesezeit":"1\u00a0Minute"},"schema":{"@context":"https:\/\/schema.org","@graph":[{"@type":"WebPage","@id":"https:\/\/dolcevitadelicatezze.ch\/index.php\/shop-2\/","url":"https:\/\/dolcevitadelicatezze.ch\/index.php\/shop-2\/","name":"M\u00e4rkte - Dolce Vita Delicatezze","isPartOf":{"@id":"https:\/\/dolcevitadelicatezze.ch\/#website"},"datePublished":"2019-03-06T12:59:31+00:00","dateModified":"2023-09-13T15:47:57+00:00","breadcrumb":{"@id":"https:\/\/dolcevitadelicatezze.ch\/index.php\/shop-2\/#breadcrumb"},"inLanguage":"de","potentialAction":[{"@type":"ReadAction","target":["https:\/\/dolcevitadelicatezze.ch\/index.php\/shop-2\/"]}]},{"@type":"BreadcrumbList","@id":"https:\/\/dolcevitadelicatezze.ch\/index.php\/shop-2\/#breadcrumb","itemListElement":[{"@type":"ListItem","position":1,"name":"Startseite","item":"https:\/\/dolcevitadelicatezze.ch\/"},{"@type":"ListItem","position":2,"name":"M\u00e4rkte"}]},{"@type":"WebSite","@id":"https:\/\/dolcevitadelicatezze.ch\/#website","url":"https:\/\/dolcevitadelicatezze.ch\/","name":"Dolce Vita Delicatezze","description":"","publisher":{"@id":"https:\/\/dolcevitadelicatezze.ch\/#organization"},"potentialAction":[{"@type":"SearchAction","target":{"@type":"EntryPoint","urlTemplate":"https:\/\/dolcevitadelicatezze.ch\/?s={search_term_string}"},"query-input":{"@type":"PropertyValueSpecification","valueRequired":true,"valueName":"search_term_string"}}],"inLanguage":"de"},{"@type":"Organization","@id":"https:\/\/dolcevitadelicatezze.ch\/#organization","name":"Dolce Vita Delicatezze","url":"https:\/\/dolcevitadelicatezze.ch\/","logo":{"@type":"ImageObject","inLanguage":"de","@id":"https:\/\/dolcevitadelicatezze.ch\/#\/schema\/logo\/image\/","url":"https:\/\/i0.wp.com\/dolcevitadelicatezze.ch\/wp-content\/uploads\/2020\/10\/shop-icon.png?fit=512%2C512&ssl=1","contentUrl":"https:\/\/i0.wp.com\/dolcevitadelicatezze.ch\/wp-content\/uploads\/2020\/10\/shop-icon.png?fit=512%2C512&ssl=1","width":512,"height":512,"caption":"Dolce Vita Delicatezze"},"image":{"@id":"https:\/\/dolcevitadelicatezze.ch\/#\/schema\/logo\/image\/"}}]}},"jetpack_sharing_enabled":true,"_links":{"self":[{"href":"https:\/\/dolcevitadelicatezze.ch\/index.php\/wp-json\/wp\/v2\/pages\/53","targetHints":{"allow":["GET"]}}],"collection":[{"href":"https:\/\/dolcevitadelicatezze.ch\/index.php\/wp-json\/wp\/v2\/pages"}],"about":[{"href":"https:\/\/dolcevitadelicatezze.ch\/index.php\/wp-json\/wp\/v2\/types\/page"}],"author":[{"embeddable":true,"href":"https:\/\/dolcevitadelicatezze.ch\/index.php\/wp-json\/wp\/v2\/users\/2"}],"replies":[{"embeddable":true,"href":"https:\/\/dolcevitadelicatezze.ch\/index.php\/wp-json\/wp\/v2\/comments?post=53"}],"version-history":[{"count":6,"href":"https:\/\/dolcevitadelicatezze.ch\/index.php\/wp-json\/wp\/v2\/pages\/53\/revisions"}],"predecessor-version":[{"id":568,"href":"https:\/\/dolcevitadelicatezze.ch\/index.php\/wp-json\/wp\/v2\/pages\/53\/revisions\/568"}],"wp:attachment":[{"href":"https:\/\/dolcevitadelicatezze.ch\/index.php\/wp-json\/wp\/v2\/media?parent=53"}],"curies":[{"name":"wp","href":"https:\/\/api.w.org\/{rel}","templated":true}]}}