{"id":57,"date":"2019-03-06T13:01:11","date_gmt":"2019-03-06T13:01:11","guid":{"rendered":"https:\/\/demosites.io\/shop-gb\/?post_type=product&#038;p=57"},"modified":"2025-10-13T08:18:04","modified_gmt":"2025-10-13T08:18:04","slug":"olivenoel","status":"publish","type":"product","link":"https:\/\/dolcevitadelicatezze.ch\/index.php\/produkt\/olivenoel\/","title":{"rendered":"Bio Oliven\u00f6l"},"content":{"rendered":"<p>Unser Bio Oliven\u00f6l ist das Ergebnis von Liebe zur Natur und traditionellem Handwerk. Von der Ernte bis zur Abf\u00fcllung in die Flasche wird jedes Detail sorgsam gepflegt, um dir ein einzigartiges Geschmackserlebnis zu bieten. Die frischen Oliven werden schonend kaltgepresst, um die wertvollen Inhaltsstoffe und den nat\u00fcrlichen Geschmack zu bewahren.<\/p>\n","protected":false},"excerpt":{"rendered":"<p>Bio Oliven\u00f6l<\/p>\n","protected":false},"featured_media":449,"comment_status":"open","ping_status":"closed","template":"","meta":{"neve_meta_sidebar":"","neve_meta_container":"","neve_meta_enable_content_width":"off","neve_meta_content_width":70,"neve_meta_title_alignment":"","neve_meta_author_avatar":"","neve_post_elements_order":"","neve_meta_disable_header":"","neve_meta_disable_footer":"","neve_meta_disable_title":"","_themeisle_gutenberg_block_has_review":false,"_ti_tpc_template_sync":false,"_ti_tpc_template_id":""},"product_brand":[],"product_cat":[24],"product_tag":[],"class_list":{"0":"post-57","1":"product","2":"type-product","3":"status-publish","4":"has-post-thumbnail","6":"product_cat-sonstiges","8":"first","9":"instock","10":"taxable","11":"shipping-taxable","12":"purchasable","13":"product-type-simple"},"yoast_head":"<!-- This site is optimized with the Yoast SEO plugin v27.4 - https:\/\/yoast.com\/product\/yoast-seo-wordpress\/ -->\n<title>Bio Oliven\u00f6l - Dolce Vita Delicatezze<\/title>\n<meta name=\"robots\" content=\"noindex, follow, max-snippet:-1, max-image-preview:large, max-video-preview:-1\" \/>\n<meta property=\"og:locale\" content=\"de_DE\" \/>\n<meta property=\"og:type\" content=\"article\" \/>\n<meta property=\"og:title\" content=\"Bio Oliven\u00f6l - Dolce Vita Delicatezze\" \/>\n<meta property=\"og:description\" content=\"Bio Oliven\u00f6l\" \/>\n<meta property=\"og:url\" content=\"https:\/\/dolcevitadelicatezze.ch\/index.php\/produkt\/olivenoel\/\" \/>\n<meta property=\"og:site_name\" content=\"Dolce Vita Delicatezze\" \/>\n<meta property=\"article:modified_time\" content=\"2025-10-13T08:18:04+00:00\" \/>\n<meta property=\"og:image\" content=\"https:\/\/dolcevitadelicatezze.ch\/wp-content\/uploads\/2019\/03\/Olivenoel-scaled.jpg\" \/>\n\t<meta property=\"og:image:width\" content=\"2560\" \/>\n\t<meta property=\"og:image:height\" content=\"1707\" \/>\n\t<meta property=\"og:image:type\" content=\"image\/jpeg\" \/>\n<meta name=\"twitter:card\" content=\"summary_large_image\" \/>\n<meta name=\"twitter:label1\" content=\"Gesch\u00e4tzte Lesezeit\" \/>\n\t<meta name=\"twitter:data1\" content=\"1\u00a0Minute\" \/>\n<script type=\"application\/ld+json\" class=\"yoast-schema-graph\">{\"@context\":\"https:\\\/\\\/schema.org\",\"@graph\":[{\"@type\":\"WebPage\",\"@id\":\"https:\\\/\\\/dolcevitadelicatezze.ch\\\/index.php\\\/produkt\\\/olivenoel\\\/\",\"url\":\"https:\\\/\\\/dolcevitadelicatezze.ch\\\/index.php\\\/produkt\\\/olivenoel\\\/\",\"name\":\"Bio Oliven\u00f6l - Dolce Vita Delicatezze\",\"isPartOf\":{\"@id\":\"https:\\\/\\\/dolcevitadelicatezze.ch\\\/#website\"},\"primaryImageOfPage\":{\"@id\":\"https:\\\/\\\/dolcevitadelicatezze.ch\\\/index.php\\\/produkt\\\/olivenoel\\\/#primaryimage\"},\"image\":{\"@id\":\"https:\\\/\\\/dolcevitadelicatezze.ch\\\/index.php\\\/produkt\\\/olivenoel\\\/#primaryimage\"},\"thumbnailUrl\":\"https:\\\/\\\/i0.wp.com\\\/dolcevitadelicatezze.ch\\\/wp-content\\\/uploads\\\/2019\\\/03\\\/Olivenoel-scaled.jpg?fit=2560%2C1707&ssl=1\",\"datePublished\":\"2019-03-06T13:01:11+00:00\",\"dateModified\":\"2025-10-13T08:18:04+00:00\",\"breadcrumb\":{\"@id\":\"https:\\\/\\\/dolcevitadelicatezze.ch\\\/index.php\\\/produkt\\\/olivenoel\\\/#breadcrumb\"},\"inLanguage\":\"de\",\"potentialAction\":[{\"@type\":\"ReadAction\",\"target\":[\"https:\\\/\\\/dolcevitadelicatezze.ch\\\/index.php\\\/produkt\\\/olivenoel\\\/\"]}]},{\"@type\":\"ImageObject\",\"inLanguage\":\"de\",\"@id\":\"https:\\\/\\\/dolcevitadelicatezze.ch\\\/index.php\\\/produkt\\\/olivenoel\\\/#primaryimage\",\"url\":\"https:\\\/\\\/i0.wp.com\\\/dolcevitadelicatezze.ch\\\/wp-content\\\/uploads\\\/2019\\\/03\\\/Olivenoel-scaled.jpg?fit=2560%2C1707&ssl=1\",\"contentUrl\":\"https:\\\/\\\/i0.wp.com\\\/dolcevitadelicatezze.ch\\\/wp-content\\\/uploads\\\/2019\\\/03\\\/Olivenoel-scaled.jpg?fit=2560%2C1707&ssl=1\",\"width\":2560,\"height\":1707},{\"@type\":\"BreadcrumbList\",\"@id\":\"https:\\\/\\\/dolcevitadelicatezze.ch\\\/index.php\\\/produkt\\\/olivenoel\\\/#breadcrumb\",\"itemListElement\":[{\"@type\":\"ListItem\",\"position\":1,\"name\":\"Startseite\",\"item\":\"https:\\\/\\\/dolcevitadelicatezze.ch\\\/\"},{\"@type\":\"ListItem\",\"position\":2,\"name\":\"Produkte\",\"item\":\"https:\\\/\\\/dolcevitadelicatezze.ch\\\/index.php\\\/shop\\\/\"},{\"@type\":\"ListItem\",\"position\":3,\"name\":\"Bio Oliven\u00f6l\"}]},{\"@type\":\"WebSite\",\"@id\":\"https:\\\/\\\/dolcevitadelicatezze.ch\\\/#website\",\"url\":\"https:\\\/\\\/dolcevitadelicatezze.ch\\\/\",\"name\":\"Dolce Vita Delicatezze\",\"description\":\"\",\"publisher\":{\"@id\":\"https:\\\/\\\/dolcevitadelicatezze.ch\\\/#organization\"},\"potentialAction\":[{\"@type\":\"SearchAction\",\"target\":{\"@type\":\"EntryPoint\",\"urlTemplate\":\"https:\\\/\\\/dolcevitadelicatezze.ch\\\/?s={search_term_string}\"},\"query-input\":{\"@type\":\"PropertyValueSpecification\",\"valueRequired\":true,\"valueName\":\"search_term_string\"}}],\"inLanguage\":\"de\"},{\"@type\":\"Organization\",\"@id\":\"https:\\\/\\\/dolcevitadelicatezze.ch\\\/#organization\",\"name\":\"Dolce Vita Delicatezze\",\"url\":\"https:\\\/\\\/dolcevitadelicatezze.ch\\\/\",\"logo\":{\"@type\":\"ImageObject\",\"inLanguage\":\"de\",\"@id\":\"https:\\\/\\\/dolcevitadelicatezze.ch\\\/#\\\/schema\\\/logo\\\/image\\\/\",\"url\":\"https:\\\/\\\/i0.wp.com\\\/dolcevitadelicatezze.ch\\\/wp-content\\\/uploads\\\/2020\\\/10\\\/shop-icon.png?fit=512%2C512&ssl=1\",\"contentUrl\":\"https:\\\/\\\/i0.wp.com\\\/dolcevitadelicatezze.ch\\\/wp-content\\\/uploads\\\/2020\\\/10\\\/shop-icon.png?fit=512%2C512&ssl=1\",\"width\":512,\"height\":512,\"caption\":\"Dolce Vita Delicatezze\"},\"image\":{\"@id\":\"https:\\\/\\\/dolcevitadelicatezze.ch\\\/#\\\/schema\\\/logo\\\/image\\\/\"}}]}<\/script>\n<!-- \/ Yoast SEO plugin. -->","yoast_head_json":{"title":"Bio Oliven\u00f6l - Dolce Vita Delicatezze","robots":{"index":"noindex","follow":"follow","max-snippet":"max-snippet:-1","max-image-preview":"max-image-preview:large","max-video-preview":"max-video-preview:-1"},"og_locale":"de_DE","og_type":"article","og_title":"Bio Oliven\u00f6l - Dolce Vita Delicatezze","og_description":"Bio Oliven\u00f6l","og_url":"https:\/\/dolcevitadelicatezze.ch\/index.php\/produkt\/olivenoel\/","og_site_name":"Dolce Vita Delicatezze","article_modified_time":"2025-10-13T08:18:04+00:00","og_image":[{"width":2560,"height":1707,"url":"https:\/\/dolcevitadelicatezze.ch\/wp-content\/uploads\/2019\/03\/Olivenoel-scaled.jpg","type":"image\/jpeg"}],"twitter_card":"summary_large_image","twitter_misc":{"Gesch\u00e4tzte Lesezeit":"1\u00a0Minute"},"schema":{"@context":"https:\/\/schema.org","@graph":[{"@type":"WebPage","@id":"https:\/\/dolcevitadelicatezze.ch\/index.php\/produkt\/olivenoel\/","url":"https:\/\/dolcevitadelicatezze.ch\/index.php\/produkt\/olivenoel\/","name":"Bio Oliven\u00f6l - Dolce Vita Delicatezze","isPartOf":{"@id":"https:\/\/dolcevitadelicatezze.ch\/#website"},"primaryImageOfPage":{"@id":"https:\/\/dolcevitadelicatezze.ch\/index.php\/produkt\/olivenoel\/#primaryimage"},"image":{"@id":"https:\/\/dolcevitadelicatezze.ch\/index.php\/produkt\/olivenoel\/#primaryimage"},"thumbnailUrl":"https:\/\/i0.wp.com\/dolcevitadelicatezze.ch\/wp-content\/uploads\/2019\/03\/Olivenoel-scaled.jpg?fit=2560%2C1707&ssl=1","datePublished":"2019-03-06T13:01:11+00:00","dateModified":"2025-10-13T08:18:04+00:00","breadcrumb":{"@id":"https:\/\/dolcevitadelicatezze.ch\/index.php\/produkt\/olivenoel\/#breadcrumb"},"inLanguage":"de","potentialAction":[{"@type":"ReadAction","target":["https:\/\/dolcevitadelicatezze.ch\/index.php\/produkt\/olivenoel\/"]}]},{"@type":"ImageObject","inLanguage":"de","@id":"https:\/\/dolcevitadelicatezze.ch\/index.php\/produkt\/olivenoel\/#primaryimage","url":"https:\/\/i0.wp.com\/dolcevitadelicatezze.ch\/wp-content\/uploads\/2019\/03\/Olivenoel-scaled.jpg?fit=2560%2C1707&ssl=1","contentUrl":"https:\/\/i0.wp.com\/dolcevitadelicatezze.ch\/wp-content\/uploads\/2019\/03\/Olivenoel-scaled.jpg?fit=2560%2C1707&ssl=1","width":2560,"height":1707},{"@type":"BreadcrumbList","@id":"https:\/\/dolcevitadelicatezze.ch\/index.php\/produkt\/olivenoel\/#breadcrumb","itemListElement":[{"@type":"ListItem","position":1,"name":"Startseite","item":"https:\/\/dolcevitadelicatezze.ch\/"},{"@type":"ListItem","position":2,"name":"Produkte","item":"https:\/\/dolcevitadelicatezze.ch\/index.php\/shop\/"},{"@type":"ListItem","position":3,"name":"Bio Oliven\u00f6l"}]},{"@type":"WebSite","@id":"https:\/\/dolcevitadelicatezze.ch\/#website","url":"https:\/\/dolcevitadelicatezze.ch\/","name":"Dolce Vita Delicatezze","description":"","publisher":{"@id":"https:\/\/dolcevitadelicatezze.ch\/#organization"},"potentialAction":[{"@type":"SearchAction","target":{"@type":"EntryPoint","urlTemplate":"https:\/\/dolcevitadelicatezze.ch\/?s={search_term_string}"},"query-input":{"@type":"PropertyValueSpecification","valueRequired":true,"valueName":"search_term_string"}}],"inLanguage":"de"},{"@type":"Organization","@id":"https:\/\/dolcevitadelicatezze.ch\/#organization","name":"Dolce Vita Delicatezze","url":"https:\/\/dolcevitadelicatezze.ch\/","logo":{"@type":"ImageObject","inLanguage":"de","@id":"https:\/\/dolcevitadelicatezze.ch\/#\/schema\/logo\/image\/","url":"https:\/\/i0.wp.com\/dolcevitadelicatezze.ch\/wp-content\/uploads\/2020\/10\/shop-icon.png?fit=512%2C512&ssl=1","contentUrl":"https:\/\/i0.wp.com\/dolcevitadelicatezze.ch\/wp-content\/uploads\/2020\/10\/shop-icon.png?fit=512%2C512&ssl=1","width":512,"height":512,"caption":"Dolce Vita Delicatezze"},"image":{"@id":"https:\/\/dolcevitadelicatezze.ch\/#\/schema\/logo\/image\/"}}]}},"jetpack_sharing_enabled":true,"_links":{"self":[{"href":"https:\/\/dolcevitadelicatezze.ch\/index.php\/wp-json\/wp\/v2\/product\/57","targetHints":{"allow":["GET"]}}],"collection":[{"href":"https:\/\/dolcevitadelicatezze.ch\/index.php\/wp-json\/wp\/v2\/product"}],"about":[{"href":"https:\/\/dolcevitadelicatezze.ch\/index.php\/wp-json\/wp\/v2\/types\/product"}],"replies":[{"embeddable":true,"href":"https:\/\/dolcevitadelicatezze.ch\/index.php\/wp-json\/wp\/v2\/comments?post=57"}],"wp:featuredmedia":[{"embeddable":true,"href":"https:\/\/dolcevitadelicatezze.ch\/index.php\/wp-json\/wp\/v2\/media\/449"}],"wp:attachment":[{"href":"https:\/\/dolcevitadelicatezze.ch\/index.php\/wp-json\/wp\/v2\/media?parent=57"}],"wp:term":[{"taxonomy":"product_brand","embeddable":true,"href":"https:\/\/dolcevitadelicatezze.ch\/index.php\/wp-json\/wp\/v2\/product_brand?post=57"},{"taxonomy":"product_cat","embeddable":true,"href":"https:\/\/dolcevitadelicatezze.ch\/index.php\/wp-json\/wp\/v2\/product_cat?post=57"},{"taxonomy":"product_tag","embeddable":true,"href":"https:\/\/dolcevitadelicatezze.ch\/index.php\/wp-json\/wp\/v2\/product_tag?post=57"}],"curies":[{"name":"wp","href":"https:\/\/api.w.org\/{rel}","templated":true}]}}