{"id":578,"date":"2023-09-14T14:27:53","date_gmt":"2023-09-14T14:27:53","guid":{"rendered":"https:\/\/dolcevitadelicatezze.ch\/dev\/?post_type=product&#038;p=578"},"modified":"2023-09-14T14:33:43","modified_gmt":"2023-09-14T14:33:43","slug":"bio-feta-basilikum","status":"publish","type":"product","link":"https:\/\/dolcevitadelicatezze.ch\/index.php\/produkt\/bio-feta-basilikum\/","title":{"rendered":"Bio Feta Basilikum"},"content":{"rendered":"<p>Tauchen Sie ein in die mediterrane Gaumenfreude mit unserem exquisiten Bio Feta Basilikum! Diese delikate Kreation verbindet die cremige Pracht von Feta-K\u00e4se mit der Intensit\u00e4t von frischem Basilikumpesto. Jeder Bissen ist eine harmonische Explosion aus Aromen, die Ihre Sinne bet\u00f6ren werden. Unser Feta Basilikum eignet sich perfekt als Aufstrich f\u00fcr frisches Baguette, als Topping f\u00fcr Salate oder als geheime Zutat, um Ihre Pasta-Gerichte auf ein neues Level zu heben. Der Feta wird vakuumverpackt versandt, um maximale Frische zu gew\u00e4hrleisten.<\/p>\n<p>Zutaten: Feta* (Schafmilch, Milchs\u00e4urebakterien, Lab, Salz), Sonnenblumen\u00f6l*, Pesto* (Basilikum, Hartk\u00e4se, Cashewkerne, Kartoffelflocken, Oliven\u00f6l, Salz, Zitronensaft, Weissweinessig, Traubenmost), Knoblauch*, Peterli*<\/p>\n<p>*aus biologischer Landwirtschaft<\/p>\n","protected":false},"excerpt":{"rendered":"<p>Bio Feta Basilikum<\/p>\n","protected":false},"featured_media":516,"comment_status":"open","ping_status":"closed","template":"","meta":{"neve_meta_sidebar":"","neve_meta_container":"","neve_meta_enable_content_width":"off","neve_meta_content_width":70,"neve_meta_title_alignment":"","neve_meta_author_avatar":"","neve_post_elements_order":"","neve_meta_disable_header":"","neve_meta_disable_footer":"","neve_meta_disable_title":"","_themeisle_gutenberg_block_has_review":false,"_ti_tpc_template_sync":false,"_ti_tpc_template_id":""},"product_brand":[],"product_cat":[15],"product_tag":[],"class_list":{"0":"post-578","1":"product","2":"type-product","3":"status-publish","4":"has-post-thumbnail","6":"product_cat-feta","8":"first","9":"instock","10":"taxable","11":"shipping-taxable","12":"purchasable","13":"product-type-simple"},"yoast_head":"<!-- This site is optimized with the Yoast SEO plugin v27.4 - https:\/\/yoast.com\/product\/yoast-seo-wordpress\/ -->\n<title>Bio Feta Basilikum - Dolce Vita Delicatezze<\/title>\n<meta name=\"robots\" content=\"noindex, follow, max-snippet:-1, max-image-preview:large, max-video-preview:-1\" \/>\n<meta property=\"og:locale\" content=\"de_DE\" \/>\n<meta property=\"og:type\" content=\"article\" \/>\n<meta property=\"og:title\" content=\"Bio Feta Basilikum - Dolce Vita Delicatezze\" \/>\n<meta property=\"og:description\" content=\"Bio Feta Basilikum\" \/>\n<meta property=\"og:url\" content=\"https:\/\/dolcevitadelicatezze.ch\/index.php\/produkt\/bio-feta-basilikum\/\" \/>\n<meta property=\"og:site_name\" content=\"Dolce Vita Delicatezze\" \/>\n<meta property=\"article:modified_time\" content=\"2023-09-14T14:33:43+00:00\" \/>\n<meta property=\"og:image\" content=\"https:\/\/dolcevitadelicatezze.ch\/wp-content\/uploads\/2023\/03\/Fetapesto_3-scaled.jpg\" \/>\n\t<meta property=\"og:image:width\" content=\"2560\" \/>\n\t<meta property=\"og:image:height\" content=\"1920\" \/>\n\t<meta property=\"og:image:type\" content=\"image\/jpeg\" \/>\n<meta name=\"twitter:card\" content=\"summary_large_image\" \/>\n<meta name=\"twitter:label1\" content=\"Gesch\u00e4tzte Lesezeit\" \/>\n\t<meta name=\"twitter:data1\" content=\"1\u00a0Minute\" \/>\n<script type=\"application\/ld+json\" class=\"yoast-schema-graph\">{\"@context\":\"https:\\\/\\\/schema.org\",\"@graph\":[{\"@type\":\"WebPage\",\"@id\":\"https:\\\/\\\/dolcevitadelicatezze.ch\\\/index.php\\\/produkt\\\/bio-feta-basilikum\\\/\",\"url\":\"https:\\\/\\\/dolcevitadelicatezze.ch\\\/index.php\\\/produkt\\\/bio-feta-basilikum\\\/\",\"name\":\"Bio Feta Basilikum - Dolce Vita Delicatezze\",\"isPartOf\":{\"@id\":\"https:\\\/\\\/dolcevitadelicatezze.ch\\\/#website\"},\"primaryImageOfPage\":{\"@id\":\"https:\\\/\\\/dolcevitadelicatezze.ch\\\/index.php\\\/produkt\\\/bio-feta-basilikum\\\/#primaryimage\"},\"image\":{\"@id\":\"https:\\\/\\\/dolcevitadelicatezze.ch\\\/index.php\\\/produkt\\\/bio-feta-basilikum\\\/#primaryimage\"},\"thumbnailUrl\":\"https:\\\/\\\/i0.wp.com\\\/dolcevitadelicatezze.ch\\\/wp-content\\\/uploads\\\/2023\\\/03\\\/Fetapesto_3-scaled.jpg?fit=2560%2C1920&ssl=1\",\"datePublished\":\"2023-09-14T14:27:53+00:00\",\"dateModified\":\"2023-09-14T14:33:43+00:00\",\"breadcrumb\":{\"@id\":\"https:\\\/\\\/dolcevitadelicatezze.ch\\\/index.php\\\/produkt\\\/bio-feta-basilikum\\\/#breadcrumb\"},\"inLanguage\":\"de\",\"potentialAction\":[{\"@type\":\"ReadAction\",\"target\":[\"https:\\\/\\\/dolcevitadelicatezze.ch\\\/index.php\\\/produkt\\\/bio-feta-basilikum\\\/\"]}]},{\"@type\":\"ImageObject\",\"inLanguage\":\"de\",\"@id\":\"https:\\\/\\\/dolcevitadelicatezze.ch\\\/index.php\\\/produkt\\\/bio-feta-basilikum\\\/#primaryimage\",\"url\":\"https:\\\/\\\/i0.wp.com\\\/dolcevitadelicatezze.ch\\\/wp-content\\\/uploads\\\/2023\\\/03\\\/Fetapesto_3-scaled.jpg?fit=2560%2C1920&ssl=1\",\"contentUrl\":\"https:\\\/\\\/i0.wp.com\\\/dolcevitadelicatezze.ch\\\/wp-content\\\/uploads\\\/2023\\\/03\\\/Fetapesto_3-scaled.jpg?fit=2560%2C1920&ssl=1\",\"width\":2560,\"height\":1920},{\"@type\":\"BreadcrumbList\",\"@id\":\"https:\\\/\\\/dolcevitadelicatezze.ch\\\/index.php\\\/produkt\\\/bio-feta-basilikum\\\/#breadcrumb\",\"itemListElement\":[{\"@type\":\"ListItem\",\"position\":1,\"name\":\"Startseite\",\"item\":\"https:\\\/\\\/dolcevitadelicatezze.ch\\\/\"},{\"@type\":\"ListItem\",\"position\":2,\"name\":\"Produkte\",\"item\":\"https:\\\/\\\/dolcevitadelicatezze.ch\\\/index.php\\\/shop\\\/\"},{\"@type\":\"ListItem\",\"position\":3,\"name\":\"Bio Feta Basilikum\"}]},{\"@type\":\"WebSite\",\"@id\":\"https:\\\/\\\/dolcevitadelicatezze.ch\\\/#website\",\"url\":\"https:\\\/\\\/dolcevitadelicatezze.ch\\\/\",\"name\":\"Dolce Vita Delicatezze\",\"description\":\"\",\"publisher\":{\"@id\":\"https:\\\/\\\/dolcevitadelicatezze.ch\\\/#organization\"},\"potentialAction\":[{\"@type\":\"SearchAction\",\"target\":{\"@type\":\"EntryPoint\",\"urlTemplate\":\"https:\\\/\\\/dolcevitadelicatezze.ch\\\/?s={search_term_string}\"},\"query-input\":{\"@type\":\"PropertyValueSpecification\",\"valueRequired\":true,\"valueName\":\"search_term_string\"}}],\"inLanguage\":\"de\"},{\"@type\":\"Organization\",\"@id\":\"https:\\\/\\\/dolcevitadelicatezze.ch\\\/#organization\",\"name\":\"Dolce Vita Delicatezze\",\"url\":\"https:\\\/\\\/dolcevitadelicatezze.ch\\\/\",\"logo\":{\"@type\":\"ImageObject\",\"inLanguage\":\"de\",\"@id\":\"https:\\\/\\\/dolcevitadelicatezze.ch\\\/#\\\/schema\\\/logo\\\/image\\\/\",\"url\":\"https:\\\/\\\/i0.wp.com\\\/dolcevitadelicatezze.ch\\\/wp-content\\\/uploads\\\/2020\\\/10\\\/shop-icon.png?fit=512%2C512&ssl=1\",\"contentUrl\":\"https:\\\/\\\/i0.wp.com\\\/dolcevitadelicatezze.ch\\\/wp-content\\\/uploads\\\/2020\\\/10\\\/shop-icon.png?fit=512%2C512&ssl=1\",\"width\":512,\"height\":512,\"caption\":\"Dolce Vita Delicatezze\"},\"image\":{\"@id\":\"https:\\\/\\\/dolcevitadelicatezze.ch\\\/#\\\/schema\\\/logo\\\/image\\\/\"}}]}<\/script>\n<!-- \/ Yoast SEO plugin. -->","yoast_head_json":{"title":"Bio Feta Basilikum - Dolce Vita Delicatezze","robots":{"index":"noindex","follow":"follow","max-snippet":"max-snippet:-1","max-image-preview":"max-image-preview:large","max-video-preview":"max-video-preview:-1"},"og_locale":"de_DE","og_type":"article","og_title":"Bio Feta Basilikum - Dolce Vita Delicatezze","og_description":"Bio Feta Basilikum","og_url":"https:\/\/dolcevitadelicatezze.ch\/index.php\/produkt\/bio-feta-basilikum\/","og_site_name":"Dolce Vita Delicatezze","article_modified_time":"2023-09-14T14:33:43+00:00","og_image":[{"width":2560,"height":1920,"url":"https:\/\/dolcevitadelicatezze.ch\/wp-content\/uploads\/2023\/03\/Fetapesto_3-scaled.jpg","type":"image\/jpeg"}],"twitter_card":"summary_large_image","twitter_misc":{"Gesch\u00e4tzte Lesezeit":"1\u00a0Minute"},"schema":{"@context":"https:\/\/schema.org","@graph":[{"@type":"WebPage","@id":"https:\/\/dolcevitadelicatezze.ch\/index.php\/produkt\/bio-feta-basilikum\/","url":"https:\/\/dolcevitadelicatezze.ch\/index.php\/produkt\/bio-feta-basilikum\/","name":"Bio Feta Basilikum - Dolce Vita Delicatezze","isPartOf":{"@id":"https:\/\/dolcevitadelicatezze.ch\/#website"},"primaryImageOfPage":{"@id":"https:\/\/dolcevitadelicatezze.ch\/index.php\/produkt\/bio-feta-basilikum\/#primaryimage"},"image":{"@id":"https:\/\/dolcevitadelicatezze.ch\/index.php\/produkt\/bio-feta-basilikum\/#primaryimage"},"thumbnailUrl":"https:\/\/i0.wp.com\/dolcevitadelicatezze.ch\/wp-content\/uploads\/2023\/03\/Fetapesto_3-scaled.jpg?fit=2560%2C1920&ssl=1","datePublished":"2023-09-14T14:27:53+00:00","dateModified":"2023-09-14T14:33:43+00:00","breadcrumb":{"@id":"https:\/\/dolcevitadelicatezze.ch\/index.php\/produkt\/bio-feta-basilikum\/#breadcrumb"},"inLanguage":"de","potentialAction":[{"@type":"ReadAction","target":["https:\/\/dolcevitadelicatezze.ch\/index.php\/produkt\/bio-feta-basilikum\/"]}]},{"@type":"ImageObject","inLanguage":"de","@id":"https:\/\/dolcevitadelicatezze.ch\/index.php\/produkt\/bio-feta-basilikum\/#primaryimage","url":"https:\/\/i0.wp.com\/dolcevitadelicatezze.ch\/wp-content\/uploads\/2023\/03\/Fetapesto_3-scaled.jpg?fit=2560%2C1920&ssl=1","contentUrl":"https:\/\/i0.wp.com\/dolcevitadelicatezze.ch\/wp-content\/uploads\/2023\/03\/Fetapesto_3-scaled.jpg?fit=2560%2C1920&ssl=1","width":2560,"height":1920},{"@type":"BreadcrumbList","@id":"https:\/\/dolcevitadelicatezze.ch\/index.php\/produkt\/bio-feta-basilikum\/#breadcrumb","itemListElement":[{"@type":"ListItem","position":1,"name":"Startseite","item":"https:\/\/dolcevitadelicatezze.ch\/"},{"@type":"ListItem","position":2,"name":"Produkte","item":"https:\/\/dolcevitadelicatezze.ch\/index.php\/shop\/"},{"@type":"ListItem","position":3,"name":"Bio Feta Basilikum"}]},{"@type":"WebSite","@id":"https:\/\/dolcevitadelicatezze.ch\/#website","url":"https:\/\/dolcevitadelicatezze.ch\/","name":"Dolce Vita Delicatezze","description":"","publisher":{"@id":"https:\/\/dolcevitadelicatezze.ch\/#organization"},"potentialAction":[{"@type":"SearchAction","target":{"@type":"EntryPoint","urlTemplate":"https:\/\/dolcevitadelicatezze.ch\/?s={search_term_string}"},"query-input":{"@type":"PropertyValueSpecification","valueRequired":true,"valueName":"search_term_string"}}],"inLanguage":"de"},{"@type":"Organization","@id":"https:\/\/dolcevitadelicatezze.ch\/#organization","name":"Dolce Vita Delicatezze","url":"https:\/\/dolcevitadelicatezze.ch\/","logo":{"@type":"ImageObject","inLanguage":"de","@id":"https:\/\/dolcevitadelicatezze.ch\/#\/schema\/logo\/image\/","url":"https:\/\/i0.wp.com\/dolcevitadelicatezze.ch\/wp-content\/uploads\/2020\/10\/shop-icon.png?fit=512%2C512&ssl=1","contentUrl":"https:\/\/i0.wp.com\/dolcevitadelicatezze.ch\/wp-content\/uploads\/2020\/10\/shop-icon.png?fit=512%2C512&ssl=1","width":512,"height":512,"caption":"Dolce Vita Delicatezze"},"image":{"@id":"https:\/\/dolcevitadelicatezze.ch\/#\/schema\/logo\/image\/"}}]}},"jetpack_sharing_enabled":true,"_links":{"self":[{"href":"https:\/\/dolcevitadelicatezze.ch\/index.php\/wp-json\/wp\/v2\/product\/578","targetHints":{"allow":["GET"]}}],"collection":[{"href":"https:\/\/dolcevitadelicatezze.ch\/index.php\/wp-json\/wp\/v2\/product"}],"about":[{"href":"https:\/\/dolcevitadelicatezze.ch\/index.php\/wp-json\/wp\/v2\/types\/product"}],"replies":[{"embeddable":true,"href":"https:\/\/dolcevitadelicatezze.ch\/index.php\/wp-json\/wp\/v2\/comments?post=578"}],"wp:featuredmedia":[{"embeddable":true,"href":"https:\/\/dolcevitadelicatezze.ch\/index.php\/wp-json\/wp\/v2\/media\/516"}],"wp:attachment":[{"href":"https:\/\/dolcevitadelicatezze.ch\/index.php\/wp-json\/wp\/v2\/media?parent=578"}],"wp:term":[{"taxonomy":"product_brand","embeddable":true,"href":"https:\/\/dolcevitadelicatezze.ch\/index.php\/wp-json\/wp\/v2\/product_brand?post=578"},{"taxonomy":"product_cat","embeddable":true,"href":"https:\/\/dolcevitadelicatezze.ch\/index.php\/wp-json\/wp\/v2\/product_cat?post=578"},{"taxonomy":"product_tag","embeddable":true,"href":"https:\/\/dolcevitadelicatezze.ch\/index.php\/wp-json\/wp\/v2\/product_tag?post=578"}],"curies":[{"name":"wp","href":"https:\/\/api.w.org\/{rel}","templated":true}]}}