{"id":72,"date":"2019-03-06T13:15:41","date_gmt":"2019-03-06T13:15:41","guid":{"rendered":"https:\/\/demosites.io\/shop-gb\/?post_type=product&#038;p=72"},"modified":"2026-01-28T22:11:21","modified_gmt":"2026-01-28T22:11:21","slug":"blue-sweater","status":"publish","type":"product","link":"https:\/\/dolcevitadelicatezze.ch\/index.php\/produkt\/blue-sweater\/","title":{"rendered":"Bio Oliven gef\u00fcllt mit Mandeln mit Kr\u00e4utern und Knoblauch"},"content":{"rendered":"<div class=\"woocommerce-product-details__short-description\">\n<p>Eine Komposition, die es in sich hat. Feinste Mandeln, gr\u00fcne Oliven, Knoblauch und Kr\u00e4uter. Die perfekte Kombination aus saftigen gr\u00fcnen Oliven und knackigen Mandeln macht dieses Duo nicht nur geschmacklich verlockend, sondern auch reich an wertvollen N\u00e4hrstoffen. Ob als delikate Vorspeise, in Salaten oder als raffinierte Erg\u00e4nzung zu mediterranen Gerichten &#8211; unsere gr\u00fcnen Oliven mit Mandeln gef\u00fcllt sind ein Fest f\u00fcr deine Sinne. Die Oliven werden vakuumverpackt versandt, um maximale Frische zu gew\u00e4hrleisten.<\/p>\n<p>Zutaten: Oliven*, Mandeln*, Sonnenblumen\u00f6l*, Kr\u00e4uter der Provence*, Peterli*, Knoblauch*, Meersalz<\/p>\n<p>*aus biologischer Landwirtschaft<\/p>\n<\/div>\n","protected":false},"excerpt":{"rendered":"<div class=\"woocommerce-product-details__short-description\">\n<p>Gr\u00fcne Oliven gef\u00fcllt mit Mandeln mit Kr\u00e4utern und Knoblauch &#8211; ohne Stein<\/p>\n<\/div>\n","protected":false},"featured_media":529,"comment_status":"open","ping_status":"closed","template":"","meta":{"neve_meta_sidebar":"","neve_meta_container":"","neve_meta_enable_content_width":"off","neve_meta_content_width":70,"neve_meta_title_alignment":"","neve_meta_author_avatar":"","neve_post_elements_order":"","neve_meta_disable_header":"","neve_meta_disable_footer":"","neve_meta_disable_title":"","_themeisle_gutenberg_block_has_review":false,"_ti_tpc_template_sync":false,"_ti_tpc_template_id":""},"product_brand":[],"product_cat":[16],"product_tag":[],"class_list":{"0":"post-72","1":"product","2":"type-product","3":"status-publish","4":"has-post-thumbnail","6":"product_cat-oliven","8":"first","9":"instock","10":"taxable","11":"shipping-taxable","12":"purchasable","13":"product-type-simple"},"yoast_head":"<!-- This site is optimized with the Yoast SEO plugin v27.4 - https:\/\/yoast.com\/product\/yoast-seo-wordpress\/ -->\n<title>Bio Oliven gef\u00fcllt mit Mandeln mit Kr\u00e4utern und Knoblauch - Dolce Vita Delicatezze<\/title>\n<meta name=\"robots\" content=\"noindex, follow, max-snippet:-1, max-image-preview:large, max-video-preview:-1\" \/>\n<meta property=\"og:locale\" content=\"de_DE\" \/>\n<meta property=\"og:type\" content=\"article\" \/>\n<meta property=\"og:title\" content=\"Bio Oliven gef\u00fcllt mit Mandeln mit Kr\u00e4utern und Knoblauch - Dolce Vita Delicatezze\" \/>\n<meta property=\"og:description\" content=\"Gr\u00fcne Oliven gef\u00fcllt mit Mandeln mit Kr\u00e4utern und Knoblauch - ohne Stein\" \/>\n<meta property=\"og:url\" content=\"https:\/\/dolcevitadelicatezze.ch\/index.php\/produkt\/blue-sweater\/\" \/>\n<meta property=\"og:site_name\" content=\"Dolce Vita Delicatezze\" \/>\n<meta property=\"article:modified_time\" content=\"2026-01-28T22:11:21+00:00\" \/>\n<meta property=\"og:image\" content=\"https:\/\/dolcevitadelicatezze.ch\/wp-content\/uploads\/2023\/03\/Mandel_1-scaled.jpg\" \/>\n\t<meta property=\"og:image:width\" content=\"2560\" \/>\n\t<meta property=\"og:image:height\" content=\"1831\" \/>\n\t<meta property=\"og:image:type\" content=\"image\/jpeg\" \/>\n<meta name=\"twitter:card\" content=\"summary_large_image\" \/>\n<meta name=\"twitter:label1\" content=\"Gesch\u00e4tzte Lesezeit\" \/>\n\t<meta name=\"twitter:data1\" content=\"1\u00a0Minute\" \/>\n<script type=\"application\/ld+json\" class=\"yoast-schema-graph\">{\"@context\":\"https:\\\/\\\/schema.org\",\"@graph\":[{\"@type\":\"WebPage\",\"@id\":\"https:\\\/\\\/dolcevitadelicatezze.ch\\\/index.php\\\/produkt\\\/blue-sweater\\\/\",\"url\":\"https:\\\/\\\/dolcevitadelicatezze.ch\\\/index.php\\\/produkt\\\/blue-sweater\\\/\",\"name\":\"Bio Oliven gef\u00fcllt mit Mandeln mit Kr\u00e4utern und Knoblauch - Dolce Vita Delicatezze\",\"isPartOf\":{\"@id\":\"https:\\\/\\\/dolcevitadelicatezze.ch\\\/#website\"},\"primaryImageOfPage\":{\"@id\":\"https:\\\/\\\/dolcevitadelicatezze.ch\\\/index.php\\\/produkt\\\/blue-sweater\\\/#primaryimage\"},\"image\":{\"@id\":\"https:\\\/\\\/dolcevitadelicatezze.ch\\\/index.php\\\/produkt\\\/blue-sweater\\\/#primaryimage\"},\"thumbnailUrl\":\"https:\\\/\\\/i0.wp.com\\\/dolcevitadelicatezze.ch\\\/wp-content\\\/uploads\\\/2023\\\/03\\\/Mandel_1-scaled.jpg?fit=2560%2C1831&ssl=1\",\"datePublished\":\"2019-03-06T13:15:41+00:00\",\"dateModified\":\"2026-01-28T22:11:21+00:00\",\"breadcrumb\":{\"@id\":\"https:\\\/\\\/dolcevitadelicatezze.ch\\\/index.php\\\/produkt\\\/blue-sweater\\\/#breadcrumb\"},\"inLanguage\":\"de\",\"potentialAction\":[{\"@type\":\"ReadAction\",\"target\":[\"https:\\\/\\\/dolcevitadelicatezze.ch\\\/index.php\\\/produkt\\\/blue-sweater\\\/\"]}]},{\"@type\":\"ImageObject\",\"inLanguage\":\"de\",\"@id\":\"https:\\\/\\\/dolcevitadelicatezze.ch\\\/index.php\\\/produkt\\\/blue-sweater\\\/#primaryimage\",\"url\":\"https:\\\/\\\/i0.wp.com\\\/dolcevitadelicatezze.ch\\\/wp-content\\\/uploads\\\/2023\\\/03\\\/Mandel_1-scaled.jpg?fit=2560%2C1831&ssl=1\",\"contentUrl\":\"https:\\\/\\\/i0.wp.com\\\/dolcevitadelicatezze.ch\\\/wp-content\\\/uploads\\\/2023\\\/03\\\/Mandel_1-scaled.jpg?fit=2560%2C1831&ssl=1\",\"width\":2560,\"height\":1831},{\"@type\":\"BreadcrumbList\",\"@id\":\"https:\\\/\\\/dolcevitadelicatezze.ch\\\/index.php\\\/produkt\\\/blue-sweater\\\/#breadcrumb\",\"itemListElement\":[{\"@type\":\"ListItem\",\"position\":1,\"name\":\"Startseite\",\"item\":\"https:\\\/\\\/dolcevitadelicatezze.ch\\\/\"},{\"@type\":\"ListItem\",\"position\":2,\"name\":\"Produkte\",\"item\":\"https:\\\/\\\/dolcevitadelicatezze.ch\\\/index.php\\\/shop\\\/\"},{\"@type\":\"ListItem\",\"position\":3,\"name\":\"Bio Oliven gef\u00fcllt mit Mandeln mit Kr\u00e4utern und Knoblauch\"}]},{\"@type\":\"WebSite\",\"@id\":\"https:\\\/\\\/dolcevitadelicatezze.ch\\\/#website\",\"url\":\"https:\\\/\\\/dolcevitadelicatezze.ch\\\/\",\"name\":\"Dolce Vita Delicatezze\",\"description\":\"\",\"publisher\":{\"@id\":\"https:\\\/\\\/dolcevitadelicatezze.ch\\\/#organization\"},\"potentialAction\":[{\"@type\":\"SearchAction\",\"target\":{\"@type\":\"EntryPoint\",\"urlTemplate\":\"https:\\\/\\\/dolcevitadelicatezze.ch\\\/?s={search_term_string}\"},\"query-input\":{\"@type\":\"PropertyValueSpecification\",\"valueRequired\":true,\"valueName\":\"search_term_string\"}}],\"inLanguage\":\"de\"},{\"@type\":\"Organization\",\"@id\":\"https:\\\/\\\/dolcevitadelicatezze.ch\\\/#organization\",\"name\":\"Dolce Vita Delicatezze\",\"url\":\"https:\\\/\\\/dolcevitadelicatezze.ch\\\/\",\"logo\":{\"@type\":\"ImageObject\",\"inLanguage\":\"de\",\"@id\":\"https:\\\/\\\/dolcevitadelicatezze.ch\\\/#\\\/schema\\\/logo\\\/image\\\/\",\"url\":\"https:\\\/\\\/i0.wp.com\\\/dolcevitadelicatezze.ch\\\/wp-content\\\/uploads\\\/2020\\\/10\\\/shop-icon.png?fit=512%2C512&ssl=1\",\"contentUrl\":\"https:\\\/\\\/i0.wp.com\\\/dolcevitadelicatezze.ch\\\/wp-content\\\/uploads\\\/2020\\\/10\\\/shop-icon.png?fit=512%2C512&ssl=1\",\"width\":512,\"height\":512,\"caption\":\"Dolce Vita Delicatezze\"},\"image\":{\"@id\":\"https:\\\/\\\/dolcevitadelicatezze.ch\\\/#\\\/schema\\\/logo\\\/image\\\/\"}}]}<\/script>\n<!-- \/ Yoast SEO plugin. -->","yoast_head_json":{"title":"Bio Oliven gef\u00fcllt mit Mandeln mit Kr\u00e4utern und Knoblauch - Dolce Vita Delicatezze","robots":{"index":"noindex","follow":"follow","max-snippet":"max-snippet:-1","max-image-preview":"max-image-preview:large","max-video-preview":"max-video-preview:-1"},"og_locale":"de_DE","og_type":"article","og_title":"Bio Oliven gef\u00fcllt mit Mandeln mit Kr\u00e4utern und Knoblauch - Dolce Vita Delicatezze","og_description":"Gr\u00fcne Oliven gef\u00fcllt mit Mandeln mit Kr\u00e4utern und Knoblauch - ohne Stein","og_url":"https:\/\/dolcevitadelicatezze.ch\/index.php\/produkt\/blue-sweater\/","og_site_name":"Dolce Vita Delicatezze","article_modified_time":"2026-01-28T22:11:21+00:00","og_image":[{"width":2560,"height":1831,"url":"https:\/\/dolcevitadelicatezze.ch\/wp-content\/uploads\/2023\/03\/Mandel_1-scaled.jpg","type":"image\/jpeg"}],"twitter_card":"summary_large_image","twitter_misc":{"Gesch\u00e4tzte Lesezeit":"1\u00a0Minute"},"schema":{"@context":"https:\/\/schema.org","@graph":[{"@type":"WebPage","@id":"https:\/\/dolcevitadelicatezze.ch\/index.php\/produkt\/blue-sweater\/","url":"https:\/\/dolcevitadelicatezze.ch\/index.php\/produkt\/blue-sweater\/","name":"Bio Oliven gef\u00fcllt mit Mandeln mit Kr\u00e4utern und Knoblauch - Dolce Vita Delicatezze","isPartOf":{"@id":"https:\/\/dolcevitadelicatezze.ch\/#website"},"primaryImageOfPage":{"@id":"https:\/\/dolcevitadelicatezze.ch\/index.php\/produkt\/blue-sweater\/#primaryimage"},"image":{"@id":"https:\/\/dolcevitadelicatezze.ch\/index.php\/produkt\/blue-sweater\/#primaryimage"},"thumbnailUrl":"https:\/\/i0.wp.com\/dolcevitadelicatezze.ch\/wp-content\/uploads\/2023\/03\/Mandel_1-scaled.jpg?fit=2560%2C1831&ssl=1","datePublished":"2019-03-06T13:15:41+00:00","dateModified":"2026-01-28T22:11:21+00:00","breadcrumb":{"@id":"https:\/\/dolcevitadelicatezze.ch\/index.php\/produkt\/blue-sweater\/#breadcrumb"},"inLanguage":"de","potentialAction":[{"@type":"ReadAction","target":["https:\/\/dolcevitadelicatezze.ch\/index.php\/produkt\/blue-sweater\/"]}]},{"@type":"ImageObject","inLanguage":"de","@id":"https:\/\/dolcevitadelicatezze.ch\/index.php\/produkt\/blue-sweater\/#primaryimage","url":"https:\/\/i0.wp.com\/dolcevitadelicatezze.ch\/wp-content\/uploads\/2023\/03\/Mandel_1-scaled.jpg?fit=2560%2C1831&ssl=1","contentUrl":"https:\/\/i0.wp.com\/dolcevitadelicatezze.ch\/wp-content\/uploads\/2023\/03\/Mandel_1-scaled.jpg?fit=2560%2C1831&ssl=1","width":2560,"height":1831},{"@type":"BreadcrumbList","@id":"https:\/\/dolcevitadelicatezze.ch\/index.php\/produkt\/blue-sweater\/#breadcrumb","itemListElement":[{"@type":"ListItem","position":1,"name":"Startseite","item":"https:\/\/dolcevitadelicatezze.ch\/"},{"@type":"ListItem","position":2,"name":"Produkte","item":"https:\/\/dolcevitadelicatezze.ch\/index.php\/shop\/"},{"@type":"ListItem","position":3,"name":"Bio Oliven gef\u00fcllt mit Mandeln mit Kr\u00e4utern und Knoblauch"}]},{"@type":"WebSite","@id":"https:\/\/dolcevitadelicatezze.ch\/#website","url":"https:\/\/dolcevitadelicatezze.ch\/","name":"Dolce Vita Delicatezze","description":"","publisher":{"@id":"https:\/\/dolcevitadelicatezze.ch\/#organization"},"potentialAction":[{"@type":"SearchAction","target":{"@type":"EntryPoint","urlTemplate":"https:\/\/dolcevitadelicatezze.ch\/?s={search_term_string}"},"query-input":{"@type":"PropertyValueSpecification","valueRequired":true,"valueName":"search_term_string"}}],"inLanguage":"de"},{"@type":"Organization","@id":"https:\/\/dolcevitadelicatezze.ch\/#organization","name":"Dolce Vita Delicatezze","url":"https:\/\/dolcevitadelicatezze.ch\/","logo":{"@type":"ImageObject","inLanguage":"de","@id":"https:\/\/dolcevitadelicatezze.ch\/#\/schema\/logo\/image\/","url":"https:\/\/i0.wp.com\/dolcevitadelicatezze.ch\/wp-content\/uploads\/2020\/10\/shop-icon.png?fit=512%2C512&ssl=1","contentUrl":"https:\/\/i0.wp.com\/dolcevitadelicatezze.ch\/wp-content\/uploads\/2020\/10\/shop-icon.png?fit=512%2C512&ssl=1","width":512,"height":512,"caption":"Dolce Vita Delicatezze"},"image":{"@id":"https:\/\/dolcevitadelicatezze.ch\/#\/schema\/logo\/image\/"}}]}},"jetpack_sharing_enabled":true,"_links":{"self":[{"href":"https:\/\/dolcevitadelicatezze.ch\/index.php\/wp-json\/wp\/v2\/product\/72","targetHints":{"allow":["GET"]}}],"collection":[{"href":"https:\/\/dolcevitadelicatezze.ch\/index.php\/wp-json\/wp\/v2\/product"}],"about":[{"href":"https:\/\/dolcevitadelicatezze.ch\/index.php\/wp-json\/wp\/v2\/types\/product"}],"replies":[{"embeddable":true,"href":"https:\/\/dolcevitadelicatezze.ch\/index.php\/wp-json\/wp\/v2\/comments?post=72"}],"wp:featuredmedia":[{"embeddable":true,"href":"https:\/\/dolcevitadelicatezze.ch\/index.php\/wp-json\/wp\/v2\/media\/529"}],"wp:attachment":[{"href":"https:\/\/dolcevitadelicatezze.ch\/index.php\/wp-json\/wp\/v2\/media?parent=72"}],"wp:term":[{"taxonomy":"product_brand","embeddable":true,"href":"https:\/\/dolcevitadelicatezze.ch\/index.php\/wp-json\/wp\/v2\/product_brand?post=72"},{"taxonomy":"product_cat","embeddable":true,"href":"https:\/\/dolcevitadelicatezze.ch\/index.php\/wp-json\/wp\/v2\/product_cat?post=72"},{"taxonomy":"product_tag","embeddable":true,"href":"https:\/\/dolcevitadelicatezze.ch\/index.php\/wp-json\/wp\/v2\/product_tag?post=72"}],"curies":[{"name":"wp","href":"https:\/\/api.w.org\/{rel}","templated":true}]}}